{"id":11458,"date":"2020-01-13T00:07:20","date_gmt":"2020-01-12T23:07:20","guid":{"rendered":"https:\/\/www.casacuadrau.org\/aviso-legal\/politica-de-cookies\/"},"modified":"2023-01-04T15:13:33","modified_gmt":"2023-01-04T14:13:33","slug":"cookies-policy","status":"publish","type":"page","link":"https:\/\/www.casacuadrau.org\/en\/legal-advice\/cookies-policy\/","title":{"rendered":"Cookies policy"},"content":{"rendered":"\t\t<div data-elementor-type=\"wp-page\" data-elementor-id=\"11458\" class=\"elementor elementor-11458 elementor-4061\" data-elementor-post-type=\"page\">\n\t\t\t\t<div class=\"elementor-element elementor-element-a9ec7fd e-flex e-con-boxed e-con e-parent\" data-id=\"a9ec7fd\" data-element_type=\"container\" data-e-type=\"container\" data-settings=\"{&quot;background_background&quot;:&quot;classic&quot;}\">\n\t\t\t\t\t<div class=\"e-con-inner\">\n\t\t\t\t<div class=\"elementor-element elementor-element-8c6f02b elementor-widget elementor-widget-heading\" data-id=\"8c6f02b\" data-element_type=\"widget\" data-e-type=\"widget\" data-widget_type=\"heading.default\">\n\t\t\t\t\t<h1 class=\"elementor-heading-title elementor-size-default\">Pol\u00edtica de Cookies<\/h1>\t\t\t\t<\/div>\n\t\t\t\t\t<\/div>\n\t\t\t\t<\/div>\n\t\t<div class=\"elementor-element elementor-element-040d8f3 e-flex e-con-boxed e-con e-parent\" data-id=\"040d8f3\" data-element_type=\"container\" data-e-type=\"container\">\n\t\t\t\t\t<div class=\"e-con-inner\">\n\t\t\t\t<div class=\"elementor-element elementor-element-938dff0 elementor-widget elementor-widget-text-editor\" data-id=\"938dff0\" data-element_type=\"widget\" data-e-type=\"widget\" data-widget_type=\"text-editor.default\">\n\t\t\t\t\t\t\t\t\tLas Cookies son peque\u00f1os archivos de texto que se alojan en el terminal del Usuario visitante del sitio web y que contienen cierta informaci\u00f3n de la visita a la p\u00e1gina. Nuestras Cookies y tecnolog\u00edas similares cumplen funciones diferentes. O bien son necesarias para el funcionamiento de nuestros servicios, para ayudarnos a mejorar el rendimiento, para proporcionar funciones adicionales, o para ofrecerte publicidad personalizada y relevante. Usamos Cookies y tecnolog\u00edas similares que s\u00f3lo est\u00e1n en tu dispositivo mientras tu navegador est\u00e9 activo y cookies y tecnolog\u00edas similares que permanecen en tu dispositivo m\u00e1s tiempo.\n\n&nbsp;\n\nExisten varios tipos de Cookies:\n<ul>\n \t<li>Cookies de sesi\u00f3n: Son Cookies que caducan al final de la sesi\u00f3n de navegaci\u00f3n y nos permiten conectar las acciones que realizas durante esa sesi\u00f3n en particular.<\/li>\n \t<li>Cookies persistentes: Son cookies que se almacenan en tu dispositivo entre sesiones de navegaci\u00f3n y nos permiten recordar tus preferencias o acciones en varios sitios web.<\/li>\n \t<li>Cookies propias: Las instalan las p\u00e1ginas web que visitas.<\/li>\n \t<li>Cookies de terceros: Las instalan las p\u00e1ginas web diferentes a la que visitas.<\/li>\n<\/ul>\n&nbsp;\n<h4>Controlar el uso de Cookies y balizas web<\/h4>\nAl navegar y continuar en nuestro sitio web el Usuario consiente el uso de Cookies, en las condiciones contenidas en la presente Pol\u00edtica de Cookies. No obstante, puedes bloquear, eliminar o desactivar estas tecnolog\u00edas si tu dispositivo lo permite. Para ello a continuaci\u00f3n, les dejamos las instrucciones para distintos navegadores. Sin embargo, si el usuario bloquea, elimina o desactiva estas cookies es posible que no pueda acceder a toda la funcionalidad que puede ofrecer el sitio web.\n\n<strong>Internet Explorer<\/strong><strong>:<\/strong>\n<a href=\"http:\/\/windows.microsoft.com\/es-es\/windows-vista\/block-or-allow-cookies\" target=\"_blank\" rel=\"noopener noreferrer\">http:\/\/windows.microsoft.com\/es-es\/windows-vista\/block-or-allow-cookies<\/a>\n\n<strong>Mozilla Firefox:<\/strong><u>\n<\/u><a href=\"http:\/\/support.mozilla.org\/es\/kb\/habilitar-y-deshabilitar-cookies-que-los-sitios-we\" target=\"_blank\" rel=\"noopener noreferrer\">http:\/\/support.mozilla.org\/es\/kb\/habilitar-y-deshabilitar-cookies-que-los-sitios-we<\/a>\n\n<strong>Google Chrome\n<\/strong><a href=\"https:\/\/support.google.com\/chrome\/answer\/95647?hl=es\" target=\"_blank\" rel=\"noopener noreferrer\">https:\/\/support.google.com\/chrome\/answer\/95647?hl=es<\/a>\n\n<strong>Windows 10\n<\/strong><a href=\"http:\/\/windows.microsoft.com\/es-xl\/windows-10\/edge-privacy-faq\" target=\"_blank\" rel=\"noopener noreferrer\">http:\/\/windows.microsoft.com\/es-xl\/windows-10\/edge-privacy-faq<\/a>\n\n<strong>Google Chrome para android\n<\/strong><a href=\"https:\/\/support.google.com\/chrome\/answer\/114662?hl=es&amp;rd=1\" target=\"_blank\" rel=\"noopener noreferrer\">https:\/\/support.google.com\/chrome\/answer\/114662?hl=es&amp;rd=1<\/a>\n\n<strong>Safari<\/strong><u>\n<\/u><a href=\"https:\/\/support.apple.com\/kb\/ph5042?locale=en_US\" target=\"_blank\" rel=\"noopener noreferrer\">https:\/\/support.apple.com\/kb\/ph5042?locale=en_US<\/a>\n\n<strong>Safari IOs\n<\/strong><a href=\"https:\/\/support.apple.com\/kb\/ph5042?locale=en_US\" target=\"_blank\" rel=\"noopener noreferrer\">https:\/\/support.apple.com\/kb\/ph5042?locale=en_US<\/a>\n\n&nbsp;\n<h4>Estas cookies pueden clasificarse dependiendo de la finalidad que se les da<\/h4>\n<ul>\n \t<li>Cookies t\u00e9cnicas: son necesarias para la navegaci\u00f3n. Sin ellas la p\u00e1gina no funcionar\u00eda adecuadamente<\/li>\n \t<li>Cookies de personalizaci\u00f3n o configuraci\u00f3n: permiten que la p\u00e1gina reconozca el idioma del usuario, el tama\u00f1o de letra, entre otras cosas.<\/li>\n \t<li>Cookies de seguridad: impiden o dificultan ataques contra el sitio web o a sus usuarios.<\/li>\n \t<li>Cookies de an\u00e1lisis: permiten medir la actividad de los usuarios y elaborar estad\u00edsticas de navegaci\u00f3n.<\/li>\n \t<li>Cookies publicitarias: gestionan la frecuencia y el contenido de los anuncios<\/li>\n \t<li>Cookies de publicidad comportamental: almacenan informaci\u00f3n sobre los usuarios para mostrarles publicidad personalizada.<\/li>\n<\/ul>\n&nbsp;\n<h4>Agencias publicitarias y redes publicitarias comportamentales de terceros<\/h4>\nPodemos, en ocasiones, trabajar con terceros, como, por ejemplo, redes publicitarias, que nos permitan proporcionarte anuncios. Estas redes publicitarias de terceros podr\u00edan utilizar Cookies, balizas web o tecnolog\u00edas similares para recopilar informaci\u00f3n. Tambi\u00e9n podr\u00edan recopilar el identificador de tu dispositivo, la direcci\u00f3n IP o el identificador para publicidad (IDFA). La informaci\u00f3n recopilada por estos terceros podr\u00eda usarse para ayudarnos a proporcionarte publicidad personalizada en nuestros sitios web o en otros sitios web de Internet. Las Cookies de terceros est\u00e1n sujetas a las pol\u00edticas de privacidad de los terceros.\n\n&nbsp;\n<h4>Consentimiento o aceptaci\u00f3n de las Cookies<\/h4>\nMediante una alerta en el sitio web, se le informa de que dicha p\u00e1gina est\u00e1 utilizando Cookies. En dicho mensaje aparecer\u00e1 c\u00f3mo usted debe aceptar la utilizaci\u00f3n de dichas Cookies.\n\n&nbsp;\n<h4>Cookies que empleamos<\/h4>\nComo hemos se\u00f1alado anteriormente, existen diferentes tipos de cookies en nuestra web y son empleadas con distintos fines. A continuaci\u00f3n le enumeramos las diversas Cookies que empleamos.\n\n<strong>PROPIAS:\n<\/strong>No utiliza cookies propias\n\n<strong>TERCEROS:\n<\/strong>NID;\u00a0 Titular de google; duraci\u00f3n 6 meses.\u00a0 Utilizado en nuestro sitio web est\u00e1 alojando en Google, su navegador env\u00eda informaci\u00f3n de las cookies que google requiere su mantiene la sesi\u00f3n activo con su cuenta, estos datos son utilizados por google con el fin de asociarlos a su\n\n&nbsp;\n<h4>Informaci\u00f3n adicional<\/h4>\nPara m\u00e1s informaci\u00f3n sobre la Pol\u00edtica de Cookies, acceda al siguiente enlace:\n<a href=\"https:\/\/www.google.com\/intl\/es_es\/policies\/technologies\/cookies\/\" target=\"_blank\" rel=\"noopener noreferrer\">https:\/\/www.google.com\/intl\/es_es\/policies\/technologies\/cookies\/<\/a>\t\t\t\t\t\t\t\t<\/div>\n\t\t\t\t\t<\/div>\n\t\t\t\t<\/div>\n\t\t\t\t<\/div>\n\t\t","protected":false},"excerpt":{"rendered":"<p>Pol\u00edtica de Cookies Las Cookies son peque\u00f1os archivos de texto que se alojan en el terminal del Usuario visitante del sitio web y que contienen cierta informaci\u00f3n de la visita a la p\u00e1gina. Nuestras Cookies y tecnolog\u00edas similares cumplen funciones diferentes. O bien son necesarias para el funcionamiento de nuestros servicios, para ayudarnos a mejorar [&hellip;]<\/p>\n","protected":false},"author":1,"featured_media":0,"parent":11457,"menu_order":64,"comment_status":"closed","ping_status":"closed","template":"elementor_header_footer","meta":{"_acf_changed":false,"wprm-recipe-roundup-name":"","wprm-recipe-roundup-description":"","footnotes":""},"class_list":["post-11458","page","type-page","status-publish","hentry"],"acf":[],"yoast_head":"<!-- This site is optimized with the Yoast SEO plugin v27.2 - https:\/\/yoast.com\/product\/yoast-seo-wordpress\/ -->\n<title>Cookies policy - Casa Cuadrau<\/title>\n<meta name=\"robots\" content=\"noindex, nofollow\" \/>\n<meta property=\"og:locale\" content=\"en_US\" \/>\n<meta property=\"og:type\" content=\"article\" \/>\n<meta property=\"og:title\" content=\"Cookies policy - Casa Cuadrau\" \/>\n<meta property=\"og:description\" content=\"Pol\u00edtica de Cookies Las Cookies son peque\u00f1os archivos de texto que se alojan en el terminal del Usuario visitante del sitio web y que contienen cierta informaci\u00f3n de la visita a la p\u00e1gina. Nuestras Cookies y tecnolog\u00edas similares cumplen funciones diferentes. O bien son necesarias para el funcionamiento de nuestros servicios, para ayudarnos a mejorar [&hellip;]\" \/>\n<meta property=\"og:url\" content=\"https:\/\/www.casacuadrau.org\/en\/legal-advice\/cookies-policy\/\" \/>\n<meta property=\"og:site_name\" content=\"Casa Cuadrau\" \/>\n<meta property=\"article:publisher\" content=\"https:\/\/www.facebook.com\/CasaCuadrauYogaArtNatureSpanishPyrenees\/\" \/>\n<meta property=\"article:modified_time\" content=\"2023-01-04T14:13:33+00:00\" \/>\n<meta name=\"twitter:card\" content=\"summary_large_image\" \/>\n<meta name=\"twitter:label1\" content=\"Est. reading time\" \/>\n\t<meta name=\"twitter:data1\" content=\"4 minutes\" \/>\n<script type=\"application\/ld+json\" class=\"yoast-schema-graph\">{\"@context\":\"https:\/\/schema.org\",\"@graph\":[{\"@type\":\"WebPage\",\"@id\":\"https:\/\/www.casacuadrau.org\/en\/legal-advice\/cookies-policy\/\",\"url\":\"https:\/\/www.casacuadrau.org\/en\/legal-advice\/cookies-policy\/\",\"name\":\"Cookies policy - Casa Cuadrau\",\"isPartOf\":{\"@id\":\"https:\/\/www.casacuadrau.org\/#website\"},\"datePublished\":\"2020-01-12T23:07:20+00:00\",\"dateModified\":\"2023-01-04T14:13:33+00:00\",\"breadcrumb\":{\"@id\":\"https:\/\/www.casacuadrau.org\/en\/legal-advice\/cookies-policy\/#breadcrumb\"},\"inLanguage\":\"en-US\",\"potentialAction\":[{\"@type\":\"ReadAction\",\"target\":[\"https:\/\/www.casacuadrau.org\/en\/legal-advice\/cookies-policy\/\"]}]},{\"@type\":\"BreadcrumbList\",\"@id\":\"https:\/\/www.casacuadrau.org\/en\/legal-advice\/cookies-policy\/#breadcrumb\",\"itemListElement\":[{\"@type\":\"ListItem\",\"position\":1,\"name\":\"Home\",\"item\":\"https:\/\/www.casacuadrau.org\/en\/home-2\/\"},{\"@type\":\"ListItem\",\"position\":2,\"name\":\"Legal Advice\",\"item\":\"https:\/\/www.casacuadrau.org\/en\/legal-advice\/\"},{\"@type\":\"ListItem\",\"position\":3,\"name\":\"Cookies policy\"}]},{\"@type\":\"WebSite\",\"@id\":\"https:\/\/www.casacuadrau.org\/#website\",\"url\":\"https:\/\/www.casacuadrau.org\/\",\"name\":\"Casa Cuadrau\",\"description\":\"Retiros de Yoga, Arte y Naturaleza\",\"publisher\":{\"@id\":\"https:\/\/www.casacuadrau.org\/#organization\"},\"potentialAction\":[{\"@type\":\"SearchAction\",\"target\":{\"@type\":\"EntryPoint\",\"urlTemplate\":\"https:\/\/www.casacuadrau.org\/?s={search_term_string}\"},\"query-input\":{\"@type\":\"PropertyValueSpecification\",\"valueRequired\":true,\"valueName\":\"search_term_string\"}}],\"inLanguage\":\"en-US\"},{\"@type\":\"Organization\",\"@id\":\"https:\/\/www.casacuadrau.org\/#organization\",\"name\":\"Casa Cuadrau\",\"url\":\"https:\/\/www.casacuadrau.org\/\",\"logo\":{\"@type\":\"ImageObject\",\"inLanguage\":\"en-US\",\"@id\":\"https:\/\/www.casacuadrau.org\/#\/schema\/logo\/image\/\",\"url\":\"https:\/\/www.casacuadrau.org\/wp-content\/uploads\/2019\/11\/casa-cuadrau-logo@2x.png\",\"contentUrl\":\"https:\/\/www.casacuadrau.org\/wp-content\/uploads\/2019\/11\/casa-cuadrau-logo@2x.png\",\"width\":602,\"height\":200,\"caption\":\"Casa Cuadrau\"},\"image\":{\"@id\":\"https:\/\/www.casacuadrau.org\/#\/schema\/logo\/image\/\"},\"sameAs\":[\"https:\/\/www.facebook.com\/CasaCuadrauYogaArtNatureSpanishPyrenees\/\",\"https:\/\/www.instagram.com\/casacuadrau.retreats\/\",\"https:\/\/www.youtube.com\/channel\/UCtAG9f6RfBgmvQqB0CMMb0w\"]}]}<\/script>\n<!-- \/ Yoast SEO plugin. -->","yoast_head_json":{"title":"Cookies policy - Casa Cuadrau","robots":{"index":"noindex","follow":"nofollow"},"og_locale":"en_US","og_type":"article","og_title":"Cookies policy - Casa Cuadrau","og_description":"Pol\u00edtica de Cookies Las Cookies son peque\u00f1os archivos de texto que se alojan en el terminal del Usuario visitante del sitio web y que contienen cierta informaci\u00f3n de la visita a la p\u00e1gina. Nuestras Cookies y tecnolog\u00edas similares cumplen funciones diferentes. O bien son necesarias para el funcionamiento de nuestros servicios, para ayudarnos a mejorar [&hellip;]","og_url":"https:\/\/www.casacuadrau.org\/en\/legal-advice\/cookies-policy\/","og_site_name":"Casa Cuadrau","article_publisher":"https:\/\/www.facebook.com\/CasaCuadrauYogaArtNatureSpanishPyrenees\/","article_modified_time":"2023-01-04T14:13:33+00:00","twitter_card":"summary_large_image","twitter_misc":{"Est. reading time":"4 minutes"},"schema":{"@context":"https:\/\/schema.org","@graph":[{"@type":"WebPage","@id":"https:\/\/www.casacuadrau.org\/en\/legal-advice\/cookies-policy\/","url":"https:\/\/www.casacuadrau.org\/en\/legal-advice\/cookies-policy\/","name":"Cookies policy - Casa Cuadrau","isPartOf":{"@id":"https:\/\/www.casacuadrau.org\/#website"},"datePublished":"2020-01-12T23:07:20+00:00","dateModified":"2023-01-04T14:13:33+00:00","breadcrumb":{"@id":"https:\/\/www.casacuadrau.org\/en\/legal-advice\/cookies-policy\/#breadcrumb"},"inLanguage":"en-US","potentialAction":[{"@type":"ReadAction","target":["https:\/\/www.casacuadrau.org\/en\/legal-advice\/cookies-policy\/"]}]},{"@type":"BreadcrumbList","@id":"https:\/\/www.casacuadrau.org\/en\/legal-advice\/cookies-policy\/#breadcrumb","itemListElement":[{"@type":"ListItem","position":1,"name":"Home","item":"https:\/\/www.casacuadrau.org\/en\/home-2\/"},{"@type":"ListItem","position":2,"name":"Legal Advice","item":"https:\/\/www.casacuadrau.org\/en\/legal-advice\/"},{"@type":"ListItem","position":3,"name":"Cookies policy"}]},{"@type":"WebSite","@id":"https:\/\/www.casacuadrau.org\/#website","url":"https:\/\/www.casacuadrau.org\/","name":"Casa Cuadrau","description":"Retiros de Yoga, Arte y Naturaleza","publisher":{"@id":"https:\/\/www.casacuadrau.org\/#organization"},"potentialAction":[{"@type":"SearchAction","target":{"@type":"EntryPoint","urlTemplate":"https:\/\/www.casacuadrau.org\/?s={search_term_string}"},"query-input":{"@type":"PropertyValueSpecification","valueRequired":true,"valueName":"search_term_string"}}],"inLanguage":"en-US"},{"@type":"Organization","@id":"https:\/\/www.casacuadrau.org\/#organization","name":"Casa Cuadrau","url":"https:\/\/www.casacuadrau.org\/","logo":{"@type":"ImageObject","inLanguage":"en-US","@id":"https:\/\/www.casacuadrau.org\/#\/schema\/logo\/image\/","url":"https:\/\/www.casacuadrau.org\/wp-content\/uploads\/2019\/11\/casa-cuadrau-logo@2x.png","contentUrl":"https:\/\/www.casacuadrau.org\/wp-content\/uploads\/2019\/11\/casa-cuadrau-logo@2x.png","width":602,"height":200,"caption":"Casa Cuadrau"},"image":{"@id":"https:\/\/www.casacuadrau.org\/#\/schema\/logo\/image\/"},"sameAs":["https:\/\/www.facebook.com\/CasaCuadrauYogaArtNatureSpanishPyrenees\/","https:\/\/www.instagram.com\/casacuadrau.retreats\/","https:\/\/www.youtube.com\/channel\/UCtAG9f6RfBgmvQqB0CMMb0w"]}]}},"_links":{"self":[{"href":"https:\/\/www.casacuadrau.org\/en\/wp-json\/wp\/v2\/pages\/11458","targetHints":{"allow":["GET"]}}],"collection":[{"href":"https:\/\/www.casacuadrau.org\/en\/wp-json\/wp\/v2\/pages"}],"about":[{"href":"https:\/\/www.casacuadrau.org\/en\/wp-json\/wp\/v2\/types\/page"}],"author":[{"embeddable":true,"href":"https:\/\/www.casacuadrau.org\/en\/wp-json\/wp\/v2\/users\/1"}],"replies":[{"embeddable":true,"href":"https:\/\/www.casacuadrau.org\/en\/wp-json\/wp\/v2\/comments?post=11458"}],"version-history":[{"count":0,"href":"https:\/\/www.casacuadrau.org\/en\/wp-json\/wp\/v2\/pages\/11458\/revisions"}],"up":[{"embeddable":true,"href":"https:\/\/www.casacuadrau.org\/en\/wp-json\/wp\/v2\/pages\/11457"}],"wp:attachment":[{"href":"https:\/\/www.casacuadrau.org\/en\/wp-json\/wp\/v2\/media?parent=11458"}],"curies":[{"name":"wp","href":"https:\/\/api.w.org\/{rel}","templated":true}]}}