{"id":11459,"date":"2020-01-13T00:03:36","date_gmt":"2020-01-12T23:03:36","guid":{"rendered":"https:\/\/www.casacuadrau.org\/aviso-legal\/politica-de-privacidad\/"},"modified":"2025-03-04T19:39:23","modified_gmt":"2025-03-04T18:39:23","slug":"privacy-policy","status":"publish","type":"page","link":"https:\/\/www.casacuadrau.org\/en\/legal-advice\/privacy-policy\/","title":{"rendered":"Privacy Policy"},"content":{"rendered":"\t\t<div data-elementor-type=\"wp-page\" data-elementor-id=\"11459\" class=\"elementor elementor-11459 elementor-4059\" data-elementor-post-type=\"page\">\n\t\t\t\t<div class=\"elementor-element elementor-element-caefb5f e-flex e-con-boxed e-con e-parent\" data-id=\"caefb5f\" data-element_type=\"container\" data-e-type=\"container\" data-settings=\"{&quot;background_background&quot;:&quot;classic&quot;}\">\n\t\t\t\t\t<div class=\"e-con-inner\">\n\t\t\t\t<div class=\"elementor-element elementor-element-0adb87f elementor-widget elementor-widget-heading\" data-id=\"0adb87f\" data-element_type=\"widget\" data-e-type=\"widget\" data-widget_type=\"heading.default\">\n\t\t\t\t\t<h1 class=\"elementor-heading-title elementor-size-default\">Pol\u00edtica de privacidad<\/h1>\t\t\t\t<\/div>\n\t\t\t\t\t<\/div>\n\t\t\t\t<\/div>\n\t\t<div class=\"elementor-element elementor-element-f40c937 e-flex e-con-boxed e-con e-parent\" data-id=\"f40c937\" data-element_type=\"container\" data-e-type=\"container\">\n\t\t\t\t\t<div class=\"e-con-inner\">\n\t\t\t\t<div class=\"elementor-element elementor-element-b075c80 elementor-widget elementor-widget-text-editor\" data-id=\"b075c80\" data-element_type=\"widget\" data-e-type=\"widget\" data-widget_type=\"text-editor.default\">\n\t\t\t\t\t\t\t\t\t<p>Toda aquella informaci\u00f3n y datos que como usuario facilite a trav\u00e9s de la p\u00e1gina web www.casacuadrau.org, queda totalmente protegida bajo los t\u00e9rminos de esta Pol\u00edtica de Privacidad basados en la aplicaci\u00f3n de la Ley Org\u00e1nica 15\/99, de 13 de diciembre, de Protecci\u00f3n de Datos de Car\u00e1cter Personal.<\/p>\n<p>\u00a0<\/p>\n<h4>RESPONSABLE DEL FICHERO<\/h4>\n<p>De conformidad con lo dispuesto en la Ley Org\u00e1nica 15\/99, de 13 de diciembre, de Protecci\u00f3n de Datos de Car\u00e1cter Personal, CASA CUADRAU S. COOP. informa al interesado de que cuantos datos personales facilitare en cualquier momento y de forma voluntaria CASA CUADRAU S. COOP. ser\u00e1n incluidos en los ficheros de datos de car\u00e1cter personal titularidad CASA CUADRAU S. COOP. (domicilio sito en Vio (Huesca), Calle \u00danica, 11 C.P. 22375. ) con la finalidad de actualizar nuestras bases de datos, as\u00ed como de su utilizaci\u00f3n con fines comerciales, de informaci\u00f3n, y\/o publicitarios de nuestros productos y servicios.<\/p>\n<p>\u00a0<\/p>\n<h4>\u00a0\u00bfC\u00d3MO RECOGEMOS LOS DATOS PERSONALES?<\/h4>\n<p>CASA CUADRAU S. COOP.. recoge los datos de car\u00e1cter personal que proporcione a trav\u00e9s de los formularios incluidos en la p\u00e1gina web, nuestras direcciones de correo electr\u00f3nico y \u00a0a trav\u00e9s de contacto telef\u00f3nico.<\/p>\n<p>Cuando \u00a0cumplimentes los formularios establecidos en la p\u00e1gina web\u00a0<a href=\"https:\/\/www.casacuadrau.org\/\">www.casacuadrau.org<\/a>\u00a0\u00a0\u00a0debes aprobar tanto las condiciones de uso del portal como esta pol\u00edtica de privacidad.<\/p>\n<p>Al aprobar dicha pol\u00edtica de privacidad\u00a0 estas \u00a0aceptando que CASA CUADRAU S. COOP. trate y guarde sus datos personales, adem\u00e1s de todos los apartados establecidos en este documento.<\/p>\n<p>\u00a0<\/p>\n<h4>\u00bfQU\u00c9 DATOS RECOGEMOS?<\/h4>\n<p>CASA CUADRAU S. COOP. a trav\u00e9s de su p\u00e1gina web recoge los siguientes datos:<\/p>\n<ul>\n<li>Datos Identificativos: direcci\u00f3n de correo electr\u00f3nico y nombre<\/li>\n<li>Datos de trabajo<\/li>\n<li>Datos de salud<\/li>\n<li>Caracter\u00edsticas personales<\/li>\n<li>Circunstancias sociales<\/li>\n<\/ul>\n<p>Los datos personales solicitados son obligatorios, de tal forma que, la negativa a suministrarlos supondr\u00e1 la imposibilidad de llevar a cabo la prestaci\u00f3n de los servicios contratados o la respuesta de las consultas.<\/p>\n<p>\u00a0<\/p>\n<h4>\u00bfPARA QUE UTILIZAMOS TUS DATOS Y DURANTE CUANTO TIEMPO?<\/h4>\n<p>CASA CUADRAU S. COOP. y tratar\u00e1 tus datos personales conforme a las siguientes finalidades:<\/p>\n<ul>\n<li><u>Registro y gesti\u00f3n de Clientes:<\/u>\u00a0Poder llevar a cabo la prestaci\u00f3n del servicio contratado firmado por las partes. En este caso los datos ser\u00e1n conservados con este fin durante todo el tiempo en que el contrato est\u00e9 vigente, salvo en casos que la Ley establezca otro plazo.<\/li>\n<li><u>Adecuar el servicio a cada persona.<\/u><\/li>\n<li><u>Fines publicitarios y\/o comerciales<\/u>\u00a0Para gestionar el env\u00edo de comunicaciones comerciales de CASA CUADRAU S. COOP.<\/li>\n<\/ul>\n<p>Si no est\u00e1 conforme con alguna de las finalidades arriba mencionadas, puede ponerse en contacto con nosotros mediante la direcci\u00f3n de email casacuadrau.org identific\u00e1ndose\u00a0 y cont\u00e1ndonos su incidencia o problema.<\/p>\n<p>\u00a0<\/p>\n<h4>\u00bfEN BASE A QUE LEGITIMACI\u00d3N RECOGEMOS LOS DATOS?<\/h4>\n<p>La legitimaci\u00f3n para el tratamiento de tus datos por parte de CASA CUADRAU S. COOP. para llevar a cabo la prestaci\u00f3n del servicio contratado es la de ejecuci\u00f3n del contrato, no siendo\u00a0 posible su cumplimiento en caso contrario.<\/p>\n<p>El env\u00edo de comunicaciones comerciales por parte de CASA CUADRAU S. COOP. sobre productos y servicios similares a los ya contratados, se basan en el inter\u00e9s leg\u00edtimo de\u00a0 CASA CUADRAU S. COOP.<\/p>\n<p>El env\u00edo de comunicaciones comerciales por parte de CASA CUADRAU S. COOP. sobre productos no similares a los ya no contratados con anterioridad se basa en el consentimiento del usuario y\/o cliente que puede ser retirado en cualquier momento.<\/p>\n<p>\u00a0<\/p>\n<h4>COMUNICACI\u00d3N DE DATOS A TERCEROS<\/h4>\n<p>CASA CUADRAU S. COOP. podr\u00e1 comunicar los datos a:<\/p>\n<ul>\n<li>Las Administraciones P\u00fablicas en los casos previstos por la Ley<\/li>\n<li>Asesores<\/li>\n<li>Colaboradores<\/li>\n<\/ul>\n<p>CASA CUADRAU S. COOP. no admitir\u00e1 intentos de registros falsos o que suplanten la identidad de personas o empresas comunicar\u00e1, en su caso, los datos de car\u00e1cter personal a aquellos colaboradores, tales como distribuidores y agentes, ( empresas de marketing, asesores etc) cuya intervenci\u00f3n sea necesaria para la prestaci\u00f3n de los servicios que gestiona. Los citados datos tambi\u00e9n podr\u00e1n ser incluidos en los diferentes directorios web que CASA CUADRAU S. COOP. Cualquier otro uso de los datos personales distinto a los mencionados anteriormente, requerir\u00e1 del previo y expreso consentimiento del interesado.<\/p>\n<p>\u00a0<\/p>\n<h4>\u00bfCU\u00c1LES SON TUS DERECHOS?<\/h4>\n<p>Puedes ejercer tus derechos dirigi\u00e9ndote gratuitamente a CASA CUADRAU S. COOP. a trav\u00e9s de su correo electr\u00f3nico\u00a0<a href=\"mailto:info@casacuadrau.org\">info@casacuadrau.org<\/a>\u00a0o a su domicilio, Calle \u00danica, 11 C.P. 22375, Vio Huesca, adjuntando una fotocopia de tu documento de identidad.<\/p>\n<p>Puedes ejercer los siguientes derechos:<\/p>\n<ul>\n<li>Revocar los consentimientos otorgados<\/li>\n<li>Obtener informaci\u00f3n acerca de si CASA CUADRAU S. COOP. est\u00e1 tratando tus datos personales y para qu\u00e9 finalidad.<\/li>\n<li>Acceder a tus datos personales<\/li>\n<li>Rectificar los datos inexactos o incompletos<\/li>\n<li>Solicitar la supresi\u00f3n de tus datos.<\/li>\n<li>Limitar el tratamiento de tus datos.<\/li>\n<li>Cancelar todos tus datos<\/li>\n<\/ul>\n<p>\u00a0<\/p>\n<h4>SEGURIDAD<\/h4>\n<p>CASA CUADRAU S. COOP. utiliza tecnolog\u00edas adecuadas al estado de la t\u00e9cnica actual, para proteger sus datos e informaciones personales, as\u00ed nuestra p\u00e1gina web se almacena en servidores seguros protegidos contra los tipos de ataques m\u00e1s habituales. No obstante, debemos recordarle que no existe tecnolog\u00eda invulnerable y que por tanto debe poner los medios que est\u00e9n a su alcance para mantener el nivel de seguridad de sus datos.<\/p>\n<p>CASA CUADRAU S. COOP. ha establecido las medidas de seguridad adecuada y necesaria para proteger tus datos personales y adecuarse con el cumplimiento de la Protecci\u00f3n de Datos.<\/p>\n<p>Conforme a las indicaciones facilitadas por CASA CUADRAU S. COOP.. sobre el nivel de seguridad aplicable a los ficheros con datos de car\u00e1cter personal objeto de esta CASA CUADRAU S. COOP. manifiesta que aplicar\u00e1 las medidas de nivel de seguridad b\u00e1sico descritas en el Real Decreto 1720\/2007.<\/p>\n<p>\u00a0<\/p>\n<h4>CONFIDENCIALIDAD<\/h4>\n<p>CASA CUADRAU S. COOP. obliga, de acuerdo establece el art\u00edculo 10 LOPD, a guardar secreto respecto a los datos personales accedidos, a\u00fan despu\u00e9s de finalizada la relaci\u00f3n comercial entre ambas partes, debiendo extender esta obligaci\u00f3n a todo el personal de su organizaci\u00f3n que acceda a dichos ficheros. Este deber de secreto queda igualmente extendido al resto de informaci\u00f3n que no sean datos de car\u00e1cter personal y a la cual tenga acceso o conocimiento durante la prestaci\u00f3n de sus servicios.<\/p>\n\t\t\t\t\t\t\t\t<\/div>\n\t\t\t\t\t<\/div>\n\t\t\t\t<\/div>\n\t\t\t\t<\/div>\n\t\t","protected":false},"excerpt":{"rendered":"<p>Pol\u00edtica de privacidad Toda aquella informaci\u00f3n y datos que como usuario facilite a trav\u00e9s de la p\u00e1gina web www.casacuadrau.org, queda totalmente protegida bajo los t\u00e9rminos de esta Pol\u00edtica de Privacidad basados en la aplicaci\u00f3n de la Ley Org\u00e1nica 15\/99, de 13 de diciembre, de Protecci\u00f3n de Datos de Car\u00e1cter Personal. \u00a0 RESPONSABLE DEL FICHERO De [&hellip;]<\/p>\n","protected":false},"author":1,"featured_media":0,"parent":11457,"menu_order":66,"comment_status":"closed","ping_status":"closed","template":"elementor_header_footer","meta":{"_acf_changed":false,"wprm-recipe-roundup-name":"","wprm-recipe-roundup-description":"","footnotes":""},"class_list":["post-11459","page","type-page","status-publish","hentry"],"acf":[],"yoast_head":"<!-- This site is optimized with the Yoast SEO plugin v27.4 - https:\/\/yoast.com\/product\/yoast-seo-wordpress\/ -->\n<title>Privacy Policy - Casa Cuadrau<\/title>\n<meta name=\"robots\" content=\"noindex, nofollow\" \/>\n<meta property=\"og:locale\" content=\"en_US\" \/>\n<meta property=\"og:type\" content=\"article\" \/>\n<meta property=\"og:title\" content=\"Privacy Policy - Casa Cuadrau\" \/>\n<meta property=\"og:description\" content=\"Pol\u00edtica de privacidad Toda aquella informaci\u00f3n y datos que como usuario facilite a trav\u00e9s de la p\u00e1gina web www.casacuadrau.org, queda totalmente protegida bajo los t\u00e9rminos de esta Pol\u00edtica de Privacidad basados en la aplicaci\u00f3n de la Ley Org\u00e1nica 15\/99, de 13 de diciembre, de Protecci\u00f3n de Datos de Car\u00e1cter Personal. \u00a0 RESPONSABLE DEL FICHERO De [&hellip;]\" \/>\n<meta property=\"og:url\" content=\"https:\/\/www.casacuadrau.org\/en\/legal-advice\/privacy-policy\/\" \/>\n<meta property=\"og:site_name\" content=\"Casa Cuadrau\" \/>\n<meta property=\"article:publisher\" content=\"https:\/\/www.facebook.com\/CasaCuadrauYogaArtNatureSpanishPyrenees\/\" \/>\n<meta property=\"article:modified_time\" content=\"2025-03-04T18:39:23+00:00\" \/>\n<meta name=\"twitter:card\" content=\"summary_large_image\" \/>\n<meta name=\"twitter:label1\" content=\"Est. reading time\" \/>\n\t<meta name=\"twitter:data1\" content=\"5 minutes\" \/>\n<script type=\"application\/ld+json\" class=\"yoast-schema-graph\">{\"@context\":\"https:\\\/\\\/schema.org\",\"@graph\":[{\"@type\":\"WebPage\",\"@id\":\"https:\\\/\\\/www.casacuadrau.org\\\/en\\\/legal-advice\\\/privacy-policy\\\/\",\"url\":\"https:\\\/\\\/www.casacuadrau.org\\\/en\\\/legal-advice\\\/privacy-policy\\\/\",\"name\":\"Privacy Policy - Casa Cuadrau\",\"isPartOf\":{\"@id\":\"https:\\\/\\\/www.casacuadrau.org\\\/#website\"},\"datePublished\":\"2020-01-12T23:03:36+00:00\",\"dateModified\":\"2025-03-04T18:39:23+00:00\",\"breadcrumb\":{\"@id\":\"https:\\\/\\\/www.casacuadrau.org\\\/en\\\/legal-advice\\\/privacy-policy\\\/#breadcrumb\"},\"inLanguage\":\"en-US\",\"potentialAction\":[{\"@type\":\"ReadAction\",\"target\":[\"https:\\\/\\\/www.casacuadrau.org\\\/en\\\/legal-advice\\\/privacy-policy\\\/\"]}]},{\"@type\":\"BreadcrumbList\",\"@id\":\"https:\\\/\\\/www.casacuadrau.org\\\/en\\\/legal-advice\\\/privacy-policy\\\/#breadcrumb\",\"itemListElement\":[{\"@type\":\"ListItem\",\"position\":1,\"name\":\"Home\",\"item\":\"https:\\\/\\\/www.casacuadrau.org\\\/en\\\/home-2\\\/\"},{\"@type\":\"ListItem\",\"position\":2,\"name\":\"Legal Advice\",\"item\":\"https:\\\/\\\/www.casacuadrau.org\\\/en\\\/legal-advice\\\/\"},{\"@type\":\"ListItem\",\"position\":3,\"name\":\"Privacy Policy\"}]},{\"@type\":\"WebSite\",\"@id\":\"https:\\\/\\\/www.casacuadrau.org\\\/#website\",\"url\":\"https:\\\/\\\/www.casacuadrau.org\\\/\",\"name\":\"Casa Cuadrau\",\"description\":\"Retiros de Yoga, Arte y Naturaleza\",\"publisher\":{\"@id\":\"https:\\\/\\\/www.casacuadrau.org\\\/#organization\"},\"potentialAction\":[{\"@type\":\"SearchAction\",\"target\":{\"@type\":\"EntryPoint\",\"urlTemplate\":\"https:\\\/\\\/www.casacuadrau.org\\\/?s={search_term_string}\"},\"query-input\":{\"@type\":\"PropertyValueSpecification\",\"valueRequired\":true,\"valueName\":\"search_term_string\"}}],\"inLanguage\":\"en-US\"},{\"@type\":\"Organization\",\"@id\":\"https:\\\/\\\/www.casacuadrau.org\\\/#organization\",\"name\":\"Casa Cuadrau\",\"url\":\"https:\\\/\\\/www.casacuadrau.org\\\/\",\"logo\":{\"@type\":\"ImageObject\",\"inLanguage\":\"en-US\",\"@id\":\"https:\\\/\\\/www.casacuadrau.org\\\/#\\\/schema\\\/logo\\\/image\\\/\",\"url\":\"https:\\\/\\\/www.casacuadrau.org\\\/wp-content\\\/uploads\\\/2019\\\/11\\\/casa-cuadrau-logo@2x.png\",\"contentUrl\":\"https:\\\/\\\/www.casacuadrau.org\\\/wp-content\\\/uploads\\\/2019\\\/11\\\/casa-cuadrau-logo@2x.png\",\"width\":602,\"height\":200,\"caption\":\"Casa Cuadrau\"},\"image\":{\"@id\":\"https:\\\/\\\/www.casacuadrau.org\\\/#\\\/schema\\\/logo\\\/image\\\/\"},\"sameAs\":[\"https:\\\/\\\/www.facebook.com\\\/CasaCuadrauYogaArtNatureSpanishPyrenees\\\/\",\"https:\\\/\\\/www.instagram.com\\\/casacuadrau.retreats\\\/\",\"https:\\\/\\\/www.youtube.com\\\/channel\\\/UCtAG9f6RfBgmvQqB0CMMb0w\"]}]}<\/script>\n<!-- \/ Yoast SEO plugin. -->","yoast_head_json":{"title":"Privacy Policy - Casa Cuadrau","robots":{"index":"noindex","follow":"nofollow"},"og_locale":"en_US","og_type":"article","og_title":"Privacy Policy - Casa Cuadrau","og_description":"Pol\u00edtica de privacidad Toda aquella informaci\u00f3n y datos que como usuario facilite a trav\u00e9s de la p\u00e1gina web www.casacuadrau.org, queda totalmente protegida bajo los t\u00e9rminos de esta Pol\u00edtica de Privacidad basados en la aplicaci\u00f3n de la Ley Org\u00e1nica 15\/99, de 13 de diciembre, de Protecci\u00f3n de Datos de Car\u00e1cter Personal. \u00a0 RESPONSABLE DEL FICHERO De [&hellip;]","og_url":"https:\/\/www.casacuadrau.org\/en\/legal-advice\/privacy-policy\/","og_site_name":"Casa Cuadrau","article_publisher":"https:\/\/www.facebook.com\/CasaCuadrauYogaArtNatureSpanishPyrenees\/","article_modified_time":"2025-03-04T18:39:23+00:00","twitter_card":"summary_large_image","twitter_misc":{"Est. reading time":"5 minutes"},"schema":{"@context":"https:\/\/schema.org","@graph":[{"@type":"WebPage","@id":"https:\/\/www.casacuadrau.org\/en\/legal-advice\/privacy-policy\/","url":"https:\/\/www.casacuadrau.org\/en\/legal-advice\/privacy-policy\/","name":"Privacy Policy - Casa Cuadrau","isPartOf":{"@id":"https:\/\/www.casacuadrau.org\/#website"},"datePublished":"2020-01-12T23:03:36+00:00","dateModified":"2025-03-04T18:39:23+00:00","breadcrumb":{"@id":"https:\/\/www.casacuadrau.org\/en\/legal-advice\/privacy-policy\/#breadcrumb"},"inLanguage":"en-US","potentialAction":[{"@type":"ReadAction","target":["https:\/\/www.casacuadrau.org\/en\/legal-advice\/privacy-policy\/"]}]},{"@type":"BreadcrumbList","@id":"https:\/\/www.casacuadrau.org\/en\/legal-advice\/privacy-policy\/#breadcrumb","itemListElement":[{"@type":"ListItem","position":1,"name":"Home","item":"https:\/\/www.casacuadrau.org\/en\/home-2\/"},{"@type":"ListItem","position":2,"name":"Legal Advice","item":"https:\/\/www.casacuadrau.org\/en\/legal-advice\/"},{"@type":"ListItem","position":3,"name":"Privacy Policy"}]},{"@type":"WebSite","@id":"https:\/\/www.casacuadrau.org\/#website","url":"https:\/\/www.casacuadrau.org\/","name":"Casa Cuadrau","description":"Retiros de Yoga, Arte y Naturaleza","publisher":{"@id":"https:\/\/www.casacuadrau.org\/#organization"},"potentialAction":[{"@type":"SearchAction","target":{"@type":"EntryPoint","urlTemplate":"https:\/\/www.casacuadrau.org\/?s={search_term_string}"},"query-input":{"@type":"PropertyValueSpecification","valueRequired":true,"valueName":"search_term_string"}}],"inLanguage":"en-US"},{"@type":"Organization","@id":"https:\/\/www.casacuadrau.org\/#organization","name":"Casa Cuadrau","url":"https:\/\/www.casacuadrau.org\/","logo":{"@type":"ImageObject","inLanguage":"en-US","@id":"https:\/\/www.casacuadrau.org\/#\/schema\/logo\/image\/","url":"https:\/\/www.casacuadrau.org\/wp-content\/uploads\/2019\/11\/casa-cuadrau-logo@2x.png","contentUrl":"https:\/\/www.casacuadrau.org\/wp-content\/uploads\/2019\/11\/casa-cuadrau-logo@2x.png","width":602,"height":200,"caption":"Casa Cuadrau"},"image":{"@id":"https:\/\/www.casacuadrau.org\/#\/schema\/logo\/image\/"},"sameAs":["https:\/\/www.facebook.com\/CasaCuadrauYogaArtNatureSpanishPyrenees\/","https:\/\/www.instagram.com\/casacuadrau.retreats\/","https:\/\/www.youtube.com\/channel\/UCtAG9f6RfBgmvQqB0CMMb0w"]}]}},"_links":{"self":[{"href":"https:\/\/www.casacuadrau.org\/en\/wp-json\/wp\/v2\/pages\/11459","targetHints":{"allow":["GET"]}}],"collection":[{"href":"https:\/\/www.casacuadrau.org\/en\/wp-json\/wp\/v2\/pages"}],"about":[{"href":"https:\/\/www.casacuadrau.org\/en\/wp-json\/wp\/v2\/types\/page"}],"author":[{"embeddable":true,"href":"https:\/\/www.casacuadrau.org\/en\/wp-json\/wp\/v2\/users\/1"}],"replies":[{"embeddable":true,"href":"https:\/\/www.casacuadrau.org\/en\/wp-json\/wp\/v2\/comments?post=11459"}],"version-history":[{"count":1,"href":"https:\/\/www.casacuadrau.org\/en\/wp-json\/wp\/v2\/pages\/11459\/revisions"}],"predecessor-version":[{"id":24518,"href":"https:\/\/www.casacuadrau.org\/en\/wp-json\/wp\/v2\/pages\/11459\/revisions\/24518"}],"up":[{"embeddable":true,"href":"https:\/\/www.casacuadrau.org\/en\/wp-json\/wp\/v2\/pages\/11457"}],"wp:attachment":[{"href":"https:\/\/www.casacuadrau.org\/en\/wp-json\/wp\/v2\/media?parent=11459"}],"curies":[{"name":"wp","href":"https:\/\/api.w.org\/{rel}","templated":true}]}}