{"id":11838,"date":"2020-04-02T19:51:00","date_gmt":"2020-04-02T17:51:00","guid":{"rendered":"https:\/\/www.casacuadrau.org\/?page_id=11838"},"modified":"2020-04-02T19:51:54","modified_gmt":"2020-04-02T17:51:54","slug":"terms-of-use","status":"publish","type":"page","link":"https:\/\/www.casacuadrau.org\/en\/legal-advice\/terms-of-use\/","title":{"rendered":"Terms of use"},"content":{"rendered":"<p>[vc_row css_animation=&#8221;&#8221; row_type=&#8221;row&#8221; use_row_as_full_screen_section=&#8221;no&#8221; type=&#8221;full_width&#8221; angled_section=&#8221;no&#8221; text_align=&#8221;left&#8221; background_image_as_pattern=&#8221;without_pattern&#8221; z_index=&#8221;&#8221; padding_bottom=&#8221;50&#8243;][vc_column][vc_column_text]<\/p>\n<h4>INTRODUCCI\u00d3N<\/h4>\n<p>Las presentes Condiciones se aplican, sin restricci\u00f3n ni reserva alguna, al uso\u00a0 de la p\u00e1gina www.casacuadrau.org cuya titularidad pertenece CASA CUADRAU S. COOP. con domicilio social en Calle \u00danica, 11, C.P. 22375, Vio Huesca.<\/p>\n<p>Todas las pol\u00edticas publicadas en nuestros sitios web, establecen las condiciones bajo las cuales CASA CUADRAU S. COOP. le ofrece acceso a nuestros sitios web, servicios, aplicaciones y herramientas. Usted acepta cumplir con todo lo anterior cuando utilice nuestros Servicios.<\/p>\n<p>Los Usuarios deber\u00e1n leer las presentes Condiciones de Uso de CASA CUADRAU S. COOP.. El uso o acceso a esta p\u00e1gina web implica el conocimiento y plena aceptaci\u00f3n de las advertencias legales y condiciones que a continuaci\u00f3n se detallan.<\/p>\n<p>CASA CUADRAU S. COOP. se reserva el derecho a modificar la pol\u00edtica de uso del presente acuerdo bajo iniciativa propia y sin necesidad de previo aviso al Usuario, entrando en vigor dichas condiciones desde el momento de su publicaci\u00f3n en la web. En cualquier caso, las citadas modificaciones no tendr\u00e1n efectos retroactivos sobre los bienes o servicios ya previamente contratados por el Usuario. Por eso le invitamos a informarse regularmente de las nuevas Condiciones de Uso.<\/p>\n<p>Para poder realizar las consultas en la p\u00e1gina o prestar el servicio contratado, \u00a0cada Usuario proporcionar\u00e1 de forma voluntaria y bajo su responsabilidad sus datos de car\u00e1cter personal. Todos los datos de car\u00e1cter personal proporcionados por los usuarios de forma fraudulenta o falsa podr\u00e1n ser considerados como delito.<\/p>\n<p>&nbsp;<\/p>\n<h4>\u00c1MBITO<\/h4>\n<p>Las presentes estipulaciones tienen por objeto regular el uso de los diferentes servicios ofertados por CASA CUADRAU S. COOP.. empresa que act\u00faa por Internet a trav\u00e9s del sitio web www.casacuadrau.org.<\/p>\n<p>CASA CUADRAU S. COOP. es una empresa que se dedica a la realizaci\u00f3n de servicios en materia de Yoga, arte y naturaleza. Adem\u00e1s realizan retiros.<\/p>\n<p>Todos los apartados que configuran las presentes Condiciones de Uso de deben ser conocidas y aceptadas por todos los usuarios que accedan al sitio web.<\/p>\n<p>&nbsp;<\/p>\n<h4>PROPIEDAD INTELECTUAL<\/h4>\n<p>En cuanto a la propiedad intelectual hay que remitirse a lo ya establecido en el Aviso legal recogido en el sitio web www.casacuadrau.org. No obstante, cabe decir que la informaci\u00f3n p\u00fablica contenida en la p\u00e1gina web referida tanto a CASA CUADRAU S. COOP. como a las marcas, productos y logotipos, entre otros, de las empresas y centros de los \u00a0servicios ofertados se encuentran protegidas por las disposiciones legales sobre propiedad intelectual e industrial, por lo que no se autoriza la copia, transmisi\u00f3n, cesi\u00f3n, enajenaci\u00f3n o utilizaci\u00f3n por el Usuario sin previo consentimiento expreso CASA CUADRAU S. COOP. del centro asociado o del titular de las marcas o logotipos, en los t\u00e9rminos previstos en la Ley de Propiedad Intelectual e Industrial.<\/p>\n<p>&nbsp;<\/p>\n<h4>USO DEL PORTAL<\/h4>\n<p>El Usuario se compromete a utilizar el Portal, sus contenidos y servicios ofertados conforme a la Ley, a las presentes Condiciones de Uso, a las buenas costumbres y al orden p\u00fablico. Cuando use esta p\u00e1gina web \u00a0no deber\u00e1:<\/p>\n<ul>\n<li>Menoscabar o perjudicar la reputaci\u00f3n y buen nombre de CASA CUADRAU S. COOP.<\/li>\n<li>Alterar, destruir o da\u00f1ar los datos, programas o cualquier informaci\u00f3n que se encuentre presente en su Web.<\/li>\n<li>Difundir o publicar injurias, calumnias, difamaciones y\/o contenidos racistas, xen\u00f3fobos, que hagan apolog\u00eda al terrorismo o que vulneren de cualquier forma los derechos humanos.<\/li>\n<li>Obstaculizar o impedir de cualquier forma el acceso de otros Usuarios, as\u00ed como realizar cualquier acci\u00f3n que pueda da\u00f1ar o interrumpir nuestros sistemas como por ejemplo la implantaci\u00f3n de un virus.<\/li>\n<li>Hacer un uso no autorizado o fraudulento de la p\u00e1gina web y\/o de sus contenidos con fines o efectos il\u00edcitos o que eludan el ordenamiento jur\u00eddico aplicable, derechos de terceros o nuestras pol\u00edticas.<\/li>\n<li>Incitar al resto de usuarios a actuar de forma ilegal.<\/li>\n<li>Suplantar a otros usuarios utilizando sus claves de acceso. Tampoco deber\u00e1 utilizar correos electr\u00f3nicos ficticios para publicar anuncios.<\/li>\n<li>Distribuir o enviar spam, comunicaciones electr\u00f3nicas masivas o no solicitadas, cadena de mensajes o sistemas piramidales.<\/li>\n<li>Utilizar robots, spiders, scrapers o cualquier otro medio autom\u00e1tico, para acceder a los Servicios, as\u00ed como para cualquier otro prop\u00f3sito, sin previo consentimiento por escrito de CASA CUADRAU S. COOP.<\/li>\n<li>Comercializar cualquier aplicaci\u00f3n de CASA CUADRAU S. COOP. o cualquier informaci\u00f3n o software asociado con dicha aplicaci\u00f3n.<\/li>\n<li>Recopilar en forma alguna informaci\u00f3n acerca de los Usuarios, incluidas las direcciones de correo electr\u00f3nico, sin su consentimiento.<\/li>\n<\/ul>\n<p>CASA CUADRAU S. COOP. utilizar\u00e1 todos los medios a su alcance para mantener disponible el servicio las 24 horas del d\u00eda, comprometi\u00e9ndose en caso de aver\u00eda a efectuar tan pronto como tenga conocimiento de ello, cuantas reparaciones sean necesarias para el restablecimiento del servicio, pero si la falta del servicio se debiera a causas ajenas a CASA CUADRAU S. COOP. tales como interrupci\u00f3n prolongada de cualquier suministro externo, ca\u00eddas de nodos principales de la red, conflictos sociales, actuaciones de terceros, as\u00ed como la suspensi\u00f3n temporal del servicio debido a necesidades de actualizaci\u00f3n de los equipos; CASA CUADRAU S. COOP. no asegurar\u00e1 el restablecimiento del servicio de forma eficaz exoner\u00e1ndose de responsabilidad alguna por los perjuicios que se derivar\u00e1n de la falta de servicio.<\/p>\n<p>&nbsp;<\/p>\n<h4>RESPONSABILIDAD<\/h4>\n<p>CASA CUADRAU S. COOP. no garantiza la disponibilidad, el acceso y\/o la continuidad del funcionamiento del Portal y de sus Servicios. Asimismo, CASA CUADRAU S. COOP. no ser\u00e1 responsable de los da\u00f1os y perjuicios causados al usuario como consecuencia de la indisponibilidad, fallos de acceso y falta de continuidad del Portal y de sus Servicios.\u00a0 No somos responsables frente a usted por cualquier tipo de responsabilidad, por cualquier problema, da\u00f1o o perjuicio que pueda surgir por virus o software malicioso obtenido tras acceder o enlazar a nuestros Servicios.<\/p>\n<p>CASA CUADRAU S. COOP. responder\u00e1 \u00fanica y exclusivamente de los servicios que preste por s\u00ed misma y de los contenidos directamente originados CASA CUADRAU S. COOP. o identificados con su Copyright. Dicha responsabilidad quedar\u00e1 excluida en los casos en que concurran causas de fuerza mayor o en los supuestos en que la configuraci\u00f3n de los equipos del usuario no sea la adecuada para permitir el correcto uso de los Servicios ofrecidos por CASA CUADRAU S. COOP..<\/p>\n<p>CASA CUADRAU S. COOP. no se hace responsable de la posible aparici\u00f3n de anuncios indexados en buscadores ajenos al Portal, una vez se hayan dado de baja de nuestras bases de datos. Acepta toda la responsabilidad por la legalidad de sus actos bajo la legislaci\u00f3n que le resulte de aplicaci\u00f3n, as\u00ed como por la legalidad de los art\u00edculos que anuncie en nuestra Web.<\/p>\n<p><strong>\u00a0<\/strong><\/p>\n<h4>MENORES DE EDAD<\/h4>\n<p>Con car\u00e1cter general, para hacer uso de los Servicios del Portal los menores de edad deben haber obtenido previamente la autorizaci\u00f3n de sus padres, tutores o representantes legales, quienes ser\u00e1n responsables de todos los actos realizados a trav\u00e9s del Portal por los menores a su cargo.<\/p>\n<p>&nbsp;<\/p>\n<h4>FUNCIONAMIENTO DEL PORTAL<\/h4>\n<p>CASA CUADRAU S. COOP. permite a trav\u00e9s de su web reservar las diferentes actividades y servicios que realiza.<\/p>\n<p>Para ello, debe rellenar el formulario de inscripci\u00f3n que se encuentra en el apartado de reservas, a continuaci\u00f3n, en 24 horas aproximadamente, CASA CUADRAU S. COOP. se podr\u00e1 en contacto con ustedes, a trav\u00e9s de correo electr\u00f3nico para confirmarle si disponemos de plaza y para informarles como realizar el pago de la reserva.<\/p>\n<p>CASA CUADRAU S. COOP. le dar\u00e1 un plazo para realizar el dep\u00f3sito de 250 euros\u00a0 y para que envi\u00e9 el comprobante bancario. En caso de no realizar el ingreso en ese plazo, la plaza ser\u00e1 liberada.<\/p>\n<p>Por \u00faltimo, una vez realizado el pago, CASA CUADRAU S. COOP. enviar\u00e1 mediante correo electr\u00f3nico su reserva y la informaci\u00f3n referente al servicio contratado.<\/p>\n<p>&nbsp;<\/p>\n<h4>BLOG<\/h4>\n<p>CASA CUADRAU S. COOP. dispone de un apartado en su sitio web denominados \u201cBlog\u201d. En estas secciones, CASA CUADRAU S. COOP. publica art\u00edculos en los que otros usuarios pueden comentar dando su opini\u00f3n.<\/p>\n<p>El usuario acepta que cualquier informaci\u00f3n proporcionada en el web no ser\u00e1 confidencial. Por lo que CASA CUADRAU S. COOP. tendr\u00e1 la licencia sin restricciones libre de derechos de autor para usar, reproducir exhibir, transmitir dicha informaci\u00f3n.<\/p>\n<p>Adem\u00e1s, el usuario entiende que todos los datos proporcionados para poder publicar el comentario ser\u00e1n tratados seg\u00fan la Pol\u00edtica de Privacidad de CASA CUADRAU S. COOP..<\/p>\n<p>CASA CUADRAU S. COOP. no se hace responsable de las opiniones vertidas en los comentarios de dicha secci\u00f3n y se reserva el derecho de eliminar aquellos comentarios que puedan ser ofensivos, denigrantes o ilegales y bloquear al usuario en aras de que no vuelva a suceder lo mismo.<\/p>\n<p>El usuario se compromete a no proporcionar informaci\u00f3n que sea difamatoria, amenazante, obscena, secreto de terceros o, en definitiva, il\u00edcita.<\/p>\n<p>Los art\u00edculos del Blog son meras opiniones o recomendaciones.<\/p>\n<p>&nbsp;<\/p>\n<h4>LEY APLICABLE Y JURISDICCI\u00d3N EN CASO DE LITIGIOS<\/h4>\n<p>La relaci\u00f3n entre CASA CUADRAU S. COOP.. y el Usuario se regir\u00e1 por la normativa espa\u00f1ola vigente y cualquier controversia se someter\u00e1 a los Juzgados y Tribunales de la ciudad de Huesca.<\/p>\n<p>&nbsp;<\/p>\n<h4>CONTACTO<\/h4>\n<p>Para cualquier tipo de duda, consulta o sugerencia, puede ponerse en contacto con CASA CUADRAU S. COOP. a trav\u00e9s de los siguientes datos.<\/p>\n<p>&nbsp;<\/p>\n<p><strong>CASA CUADRAU S. COOP.<\/strong><br \/>\nDpto. de Atenci\u00f3n al Cliente<\/p>\n<p>Calle \u00danica, 11 \u00a0C.P. 22375 \u00a0Vio Huesca<br \/>\nTel\u00e9fono: 622 016 648<br \/>\nCorreo electr\u00f3nico: info@casacuadrau.org[\/vc_column_text][\/vc_column][\/vc_row]<\/p>\n","protected":false},"excerpt":{"rendered":"<p>[vc_row css_animation=&#8221;&#8221; row_type=&#8221;row&#8221; use_row_as_full_screen_section=&#8221;no&#8221; type=&#8221;full_width&#8221; angled_section=&#8221;no&#8221; text_align=&#8221;left&#8221; background_image_as_pattern=&#8221;without_pattern&#8221; z_index=&#8221;&#8221; padding_bottom=&#8221;50&#8243;][vc_column][vc_column_text] INTRODUCCI\u00d3N Las presentes Condiciones se aplican, sin restricci\u00f3n ni reserva alguna, al uso\u00a0 de la p\u00e1gina www.casacuadrau.org cuya titularidad pertenece CASA CUADRAU S. COOP. con domicilio social en Calle \u00danica, 11, C.P. 22375, Vio Huesca. Todas las pol\u00edticas publicadas en nuestros sitios web, establecen las [&hellip;]<\/p>\n","protected":false},"author":1,"featured_media":0,"parent":11457,"menu_order":48,"comment_status":"closed","ping_status":"closed","template":"elementor_header_footer","meta":{"_acf_changed":false,"wprm-recipe-roundup-name":"","wprm-recipe-roundup-description":"","footnotes":""},"class_list":["post-11838","page","type-page","status-publish","hentry"],"acf":[],"yoast_head":"<!-- This site is optimized with the Yoast SEO plugin v27.4 - https:\/\/yoast.com\/product\/yoast-seo-wordpress\/ -->\n<title>Terms of use - Casa Cuadrau<\/title>\n<meta name=\"robots\" content=\"noindex, nofollow\" \/>\n<meta property=\"og:locale\" content=\"en_US\" \/>\n<meta property=\"og:type\" content=\"article\" \/>\n<meta property=\"og:title\" content=\"Terms of use - Casa Cuadrau\" \/>\n<meta property=\"og:description\" content=\"[vc_row css_animation=&#8221;&#8221; row_type=&#8221;row&#8221; use_row_as_full_screen_section=&#8221;no&#8221; type=&#8221;full_width&#8221; angled_section=&#8221;no&#8221; text_align=&#8221;left&#8221; background_image_as_pattern=&#8221;without_pattern&#8221; z_index=&#8221;&#8221; padding_bottom=&#8221;50&#8243;][vc_column][vc_column_text] INTRODUCCI\u00d3N Las presentes Condiciones se aplican, sin restricci\u00f3n ni reserva alguna, al uso\u00a0 de la p\u00e1gina www.casacuadrau.org cuya titularidad pertenece CASA CUADRAU S. COOP. con domicilio social en Calle \u00danica, 11, C.P. 22375, Vio Huesca. Todas las pol\u00edticas publicadas en nuestros sitios web, establecen las [&hellip;]\" \/>\n<meta property=\"og:url\" content=\"https:\/\/www.casacuadrau.org\/en\/legal-advice\/terms-of-use\/\" \/>\n<meta property=\"og:site_name\" content=\"Casa Cuadrau\" \/>\n<meta property=\"article:publisher\" content=\"https:\/\/www.facebook.com\/CasaCuadrauYogaArtNatureSpanishPyrenees\/\" \/>\n<meta property=\"article:modified_time\" content=\"2020-04-02T17:51:54+00:00\" \/>\n<meta name=\"twitter:card\" content=\"summary_large_image\" \/>\n<meta name=\"twitter:label1\" content=\"Est. reading time\" \/>\n\t<meta name=\"twitter:data1\" content=\"8 minutes\" \/>\n<script type=\"application\/ld+json\" class=\"yoast-schema-graph\">{\"@context\":\"https:\\\/\\\/schema.org\",\"@graph\":[{\"@type\":\"WebPage\",\"@id\":\"https:\\\/\\\/www.casacuadrau.org\\\/en\\\/legal-advice\\\/terms-of-use\\\/\",\"url\":\"https:\\\/\\\/www.casacuadrau.org\\\/en\\\/legal-advice\\\/terms-of-use\\\/\",\"name\":\"Terms of use - Casa Cuadrau\",\"isPartOf\":{\"@id\":\"https:\\\/\\\/www.casacuadrau.org\\\/#website\"},\"datePublished\":\"2020-04-02T17:51:00+00:00\",\"dateModified\":\"2020-04-02T17:51:54+00:00\",\"breadcrumb\":{\"@id\":\"https:\\\/\\\/www.casacuadrau.org\\\/en\\\/legal-advice\\\/terms-of-use\\\/#breadcrumb\"},\"inLanguage\":\"en-US\",\"potentialAction\":[{\"@type\":\"ReadAction\",\"target\":[\"https:\\\/\\\/www.casacuadrau.org\\\/en\\\/legal-advice\\\/terms-of-use\\\/\"]}]},{\"@type\":\"BreadcrumbList\",\"@id\":\"https:\\\/\\\/www.casacuadrau.org\\\/en\\\/legal-advice\\\/terms-of-use\\\/#breadcrumb\",\"itemListElement\":[{\"@type\":\"ListItem\",\"position\":1,\"name\":\"Home\",\"item\":\"https:\\\/\\\/www.casacuadrau.org\\\/en\\\/home-2\\\/\"},{\"@type\":\"ListItem\",\"position\":2,\"name\":\"Legal Advice\",\"item\":\"https:\\\/\\\/www.casacuadrau.org\\\/en\\\/legal-advice\\\/\"},{\"@type\":\"ListItem\",\"position\":3,\"name\":\"Terms of use\"}]},{\"@type\":\"WebSite\",\"@id\":\"https:\\\/\\\/www.casacuadrau.org\\\/#website\",\"url\":\"https:\\\/\\\/www.casacuadrau.org\\\/\",\"name\":\"Casa Cuadrau\",\"description\":\"Retiros de Yoga, Arte y Naturaleza\",\"publisher\":{\"@id\":\"https:\\\/\\\/www.casacuadrau.org\\\/#organization\"},\"potentialAction\":[{\"@type\":\"SearchAction\",\"target\":{\"@type\":\"EntryPoint\",\"urlTemplate\":\"https:\\\/\\\/www.casacuadrau.org\\\/?s={search_term_string}\"},\"query-input\":{\"@type\":\"PropertyValueSpecification\",\"valueRequired\":true,\"valueName\":\"search_term_string\"}}],\"inLanguage\":\"en-US\"},{\"@type\":\"Organization\",\"@id\":\"https:\\\/\\\/www.casacuadrau.org\\\/#organization\",\"name\":\"Casa Cuadrau\",\"url\":\"https:\\\/\\\/www.casacuadrau.org\\\/\",\"logo\":{\"@type\":\"ImageObject\",\"inLanguage\":\"en-US\",\"@id\":\"https:\\\/\\\/www.casacuadrau.org\\\/#\\\/schema\\\/logo\\\/image\\\/\",\"url\":\"https:\\\/\\\/www.casacuadrau.org\\\/wp-content\\\/uploads\\\/2019\\\/11\\\/casa-cuadrau-logo@2x.png\",\"contentUrl\":\"https:\\\/\\\/www.casacuadrau.org\\\/wp-content\\\/uploads\\\/2019\\\/11\\\/casa-cuadrau-logo@2x.png\",\"width\":602,\"height\":200,\"caption\":\"Casa Cuadrau\"},\"image\":{\"@id\":\"https:\\\/\\\/www.casacuadrau.org\\\/#\\\/schema\\\/logo\\\/image\\\/\"},\"sameAs\":[\"https:\\\/\\\/www.facebook.com\\\/CasaCuadrauYogaArtNatureSpanishPyrenees\\\/\",\"https:\\\/\\\/www.instagram.com\\\/casacuadrau.retreats\\\/\",\"https:\\\/\\\/www.youtube.com\\\/channel\\\/UCtAG9f6RfBgmvQqB0CMMb0w\"]}]}<\/script>\n<!-- \/ Yoast SEO plugin. -->","yoast_head_json":{"title":"Terms of use - Casa Cuadrau","robots":{"index":"noindex","follow":"nofollow"},"og_locale":"en_US","og_type":"article","og_title":"Terms of use - Casa Cuadrau","og_description":"[vc_row css_animation=&#8221;&#8221; row_type=&#8221;row&#8221; use_row_as_full_screen_section=&#8221;no&#8221; type=&#8221;full_width&#8221; angled_section=&#8221;no&#8221; text_align=&#8221;left&#8221; background_image_as_pattern=&#8221;without_pattern&#8221; z_index=&#8221;&#8221; padding_bottom=&#8221;50&#8243;][vc_column][vc_column_text] INTRODUCCI\u00d3N Las presentes Condiciones se aplican, sin restricci\u00f3n ni reserva alguna, al uso\u00a0 de la p\u00e1gina www.casacuadrau.org cuya titularidad pertenece CASA CUADRAU S. COOP. con domicilio social en Calle \u00danica, 11, C.P. 22375, Vio Huesca. Todas las pol\u00edticas publicadas en nuestros sitios web, establecen las [&hellip;]","og_url":"https:\/\/www.casacuadrau.org\/en\/legal-advice\/terms-of-use\/","og_site_name":"Casa Cuadrau","article_publisher":"https:\/\/www.facebook.com\/CasaCuadrauYogaArtNatureSpanishPyrenees\/","article_modified_time":"2020-04-02T17:51:54+00:00","twitter_card":"summary_large_image","twitter_misc":{"Est. reading time":"8 minutes"},"schema":{"@context":"https:\/\/schema.org","@graph":[{"@type":"WebPage","@id":"https:\/\/www.casacuadrau.org\/en\/legal-advice\/terms-of-use\/","url":"https:\/\/www.casacuadrau.org\/en\/legal-advice\/terms-of-use\/","name":"Terms of use - Casa Cuadrau","isPartOf":{"@id":"https:\/\/www.casacuadrau.org\/#website"},"datePublished":"2020-04-02T17:51:00+00:00","dateModified":"2020-04-02T17:51:54+00:00","breadcrumb":{"@id":"https:\/\/www.casacuadrau.org\/en\/legal-advice\/terms-of-use\/#breadcrumb"},"inLanguage":"en-US","potentialAction":[{"@type":"ReadAction","target":["https:\/\/www.casacuadrau.org\/en\/legal-advice\/terms-of-use\/"]}]},{"@type":"BreadcrumbList","@id":"https:\/\/www.casacuadrau.org\/en\/legal-advice\/terms-of-use\/#breadcrumb","itemListElement":[{"@type":"ListItem","position":1,"name":"Home","item":"https:\/\/www.casacuadrau.org\/en\/home-2\/"},{"@type":"ListItem","position":2,"name":"Legal Advice","item":"https:\/\/www.casacuadrau.org\/en\/legal-advice\/"},{"@type":"ListItem","position":3,"name":"Terms of use"}]},{"@type":"WebSite","@id":"https:\/\/www.casacuadrau.org\/#website","url":"https:\/\/www.casacuadrau.org\/","name":"Casa Cuadrau","description":"Retiros de Yoga, Arte y Naturaleza","publisher":{"@id":"https:\/\/www.casacuadrau.org\/#organization"},"potentialAction":[{"@type":"SearchAction","target":{"@type":"EntryPoint","urlTemplate":"https:\/\/www.casacuadrau.org\/?s={search_term_string}"},"query-input":{"@type":"PropertyValueSpecification","valueRequired":true,"valueName":"search_term_string"}}],"inLanguage":"en-US"},{"@type":"Organization","@id":"https:\/\/www.casacuadrau.org\/#organization","name":"Casa Cuadrau","url":"https:\/\/www.casacuadrau.org\/","logo":{"@type":"ImageObject","inLanguage":"en-US","@id":"https:\/\/www.casacuadrau.org\/#\/schema\/logo\/image\/","url":"https:\/\/www.casacuadrau.org\/wp-content\/uploads\/2019\/11\/casa-cuadrau-logo@2x.png","contentUrl":"https:\/\/www.casacuadrau.org\/wp-content\/uploads\/2019\/11\/casa-cuadrau-logo@2x.png","width":602,"height":200,"caption":"Casa Cuadrau"},"image":{"@id":"https:\/\/www.casacuadrau.org\/#\/schema\/logo\/image\/"},"sameAs":["https:\/\/www.facebook.com\/CasaCuadrauYogaArtNatureSpanishPyrenees\/","https:\/\/www.instagram.com\/casacuadrau.retreats\/","https:\/\/www.youtube.com\/channel\/UCtAG9f6RfBgmvQqB0CMMb0w"]}]}},"_links":{"self":[{"href":"https:\/\/www.casacuadrau.org\/en\/wp-json\/wp\/v2\/pages\/11838","targetHints":{"allow":["GET"]}}],"collection":[{"href":"https:\/\/www.casacuadrau.org\/en\/wp-json\/wp\/v2\/pages"}],"about":[{"href":"https:\/\/www.casacuadrau.org\/en\/wp-json\/wp\/v2\/types\/page"}],"author":[{"embeddable":true,"href":"https:\/\/www.casacuadrau.org\/en\/wp-json\/wp\/v2\/users\/1"}],"replies":[{"embeddable":true,"href":"https:\/\/www.casacuadrau.org\/en\/wp-json\/wp\/v2\/comments?post=11838"}],"version-history":[{"count":0,"href":"https:\/\/www.casacuadrau.org\/en\/wp-json\/wp\/v2\/pages\/11838\/revisions"}],"up":[{"embeddable":true,"href":"https:\/\/www.casacuadrau.org\/en\/wp-json\/wp\/v2\/pages\/11457"}],"wp:attachment":[{"href":"https:\/\/www.casacuadrau.org\/en\/wp-json\/wp\/v2\/media?parent=11838"}],"curies":[{"name":"wp","href":"https:\/\/api.w.org\/{rel}","templated":true}]}}