{"id":14370,"date":"2021-01-03T11:04:24","date_gmt":"2021-01-03T10:04:24","guid":{"rendered":"https:\/\/www.casacuadrau.org\/nuestras-sesiones-online\/"},"modified":"2023-06-14T09:34:53","modified_gmt":"2023-06-14T07:34:53","slug":"our-online-sessions","status":"publish","type":"page","link":"https:\/\/www.casacuadrau.org\/en\/our-online-sessions\/","title":{"rendered":"Online Sessions"},"content":{"rendered":"\t\t<div data-elementor-type=\"wp-page\" data-elementor-id=\"14370\" class=\"elementor elementor-14370\" data-elementor-post-type=\"page\">\n\t\t\t\t<div class=\"elementor-element elementor-element-8c5d125 e-flex e-con-boxed e-con e-parent\" data-id=\"8c5d125\" data-element_type=\"container\" data-e-type=\"container\" data-settings=\"{&quot;background_background&quot;:&quot;classic&quot;}\">\n\t\t\t\t\t<div class=\"e-con-inner\">\n\t\t\t\t<div class=\"elementor-element elementor-element-6ccfb686 elementor-widget elementor-widget-heading\" data-id=\"6ccfb686\" data-element_type=\"widget\" data-e-type=\"widget\" data-widget_type=\"heading.default\">\n\t\t\t\t\t<h1 class=\"elementor-heading-title elementor-size-default\">Sesiones online<\/h1>\t\t\t\t<\/div>\n\t\t\t\t<div class=\"elementor-element elementor-element-3e5079f8 elementor-widget elementor-widget-heading\" data-id=\"3e5079f8\" data-element_type=\"widget\" data-e-type=\"widget\" data-widget_type=\"heading.default\">\n\t\t\t\t\t<h2 class=\"elementor-heading-title elementor-size-default\">de Casa Cuadrau<\/h2>\t\t\t\t<\/div>\n\t\t\t\t\t<\/div>\n\t\t\t\t<\/div>\n\t\t<div class=\"elementor-element elementor-element-01a64c5 e-flex e-con-boxed e-con e-parent\" data-id=\"01a64c5\" data-element_type=\"container\" data-e-type=\"container\">\n\t\t\t\t\t<div class=\"e-con-inner\">\n\t\t\t\t<div class=\"elementor-element elementor-element-8d97fb3 elementor-widget elementor-widget-text-editor\" data-id=\"8d97fb3\" data-element_type=\"widget\" data-e-type=\"widget\" data-widget_type=\"text-editor.default\">\n\t\t\t\t\t\t\t\t\t<p><span style=\"text-decoration: underline;\"><strong><a href=\"https:\/\/www.casacuadrau.org\/retiro-yoga\/sesiones-online-de-yoga-meditacion\/\">Las sesiones online de Casa Cuadrau<\/a><\/strong><\/span> est\u00e1n dise\u00f1adas para que tu pr\u00e1ctica de yoga y meditaci\u00f3n sea m\u00e1s regular. As\u00ed puedes desarrollar o profundizar tu <em>Sadhana<\/em> (pr\u00e1ctica espiritual diaria) desde casa o donde quiera que est\u00e9s. Te ayudaremos a mantener una disciplina y motivaci\u00f3n para cultivar en tu vida bienestar f\u00edsico y mental.<\/p>\n\t\t\t\t\t\t\t\t<\/div>\n\t\t\t\t<div class=\"elementor-element elementor-element-c5c2b53 elementor-widget elementor-widget-heading\" data-id=\"c5c2b53\" data-element_type=\"widget\" data-e-type=\"widget\" data-widget_type=\"heading.default\">\n\t\t\t\t\t<h2 class=\"elementor-heading-title elementor-size-default\">T\u00fa eliges el compromiso que quieras hacer contigo y la frecuencia de tu pr\u00e1ctica.<\/h2>\t\t\t\t<\/div>\n\t\t\t\t<div class=\"elementor-element elementor-element-5af02f5 elementor-widget elementor-widget-text-editor\" data-id=\"5af02f5\" data-element_type=\"widget\" data-e-type=\"widget\" data-widget_type=\"text-editor.default\">\n\t\t\t\t\t\t\t\t\t<p><span style=\"font-weight: 400;\">El ritmo de vida actual es muy estresado, tenemos muchas cosas que hacer y poco tiempo libre. Con las vacaciones, los viajes o simplemente el ritmo fren\u00e9tico de la vida y las m\u00faltiples distracciones hace que sea m\u00e1s<\/span>\u00a0f\u00e1cil perder la rutina de tu pr\u00e1ctica de yoga y meditaci\u00f3n.<\/p>\n<p>Hemos creado unas opciones para que contin\u00faes la pr\u00e1ctica est\u00e9s donde est\u00e9s.<\/p>\n\t\t\t\t\t\t\t\t<\/div>\n\t\t\t\t\t<\/div>\n\t\t\t\t<\/div>\n\t\t<div class=\"elementor-element elementor-element-d46b987 e-flex e-con-boxed e-con e-parent\" data-id=\"d46b987\" data-element_type=\"container\" data-e-type=\"container\">\n\t\t\t\t\t<div class=\"e-con-inner\">\n\t\t<div class=\"elementor-element elementor-element-5c7400e e-con-full e-flex e-con e-child\" data-id=\"5c7400e\" data-element_type=\"container\" data-e-type=\"container\" data-settings=\"{&quot;background_background&quot;:&quot;classic&quot;}\">\n\t\t\t\t<div class=\"elementor-element elementor-element-978511a elementor-widget elementor-widget-text-editor\" data-id=\"978511a\" data-element_type=\"widget\" data-e-type=\"widget\" data-widget_type=\"text-editor.default\">\n\t\t\t\t\t\t\t\t\t<p><strong>BONO YOGA<\/strong><\/p>\n<p dir=\"ltr\">Con acceso durante agosto, septiembre, octubre y noviembre a m\u00e1s de 80 sesiones grabadas, cada una de 75 \u00f3\u00a090 minutos que incluye:<\/p>\n<ul dir=\"ltr\">\n<li>Pranayama<\/li>\n<li>Ejercicios din\u00e1micos para calentar el cuerpo<\/li>\n<li>Secuencia de Yoga asana, movimiento y Animal Flow<\/li>\n<li>Relajaci\u00f3n guiada<\/li>\n<li>Meditaci\u00f3n<\/li>\n<\/ul>\n\t\t\t\t\t\t\t\t<\/div>\n\t\t\t\t<\/div>\n\t\t<div class=\"elementor-element elementor-element-41c2339 e-con-full e-flex e-con e-child\" data-id=\"41c2339\" data-element_type=\"container\" data-e-type=\"container\" data-settings=\"{&quot;background_background&quot;:&quot;classic&quot;}\">\n\t\t\t\t<div class=\"elementor-element elementor-element-da220a8 elementor-widget elementor-widget-text-editor\" data-id=\"da220a8\" data-element_type=\"widget\" data-e-type=\"widget\" data-widget_type=\"text-editor.default\">\n\t\t\t\t\t\t\t\t\t<p><strong>BONO YOGA SUAVE Y MEDITACI\u00d3N<\/strong><\/p>\n<p>Si prefieres una pr\u00e1ctica m\u00e1s suave, iniciarte en yoga y\/o meditaci\u00f3n, existe la opci\u00f3n de comprar el <strong>BONO YOGA SUAVE Y MEDITACI\u00d3N <\/strong>con acceso a un curso de 16 clases. Cada sesi\u00f3n igualmente comprende lo mismo que las otras, adem\u00e1s de una breve parte te\u00f3rica.<\/p>\n\t\t\t\t\t\t\t\t<\/div>\n\t\t\t\t<\/div>\n\t\t\t\t\t<\/div>\n\t\t\t\t<\/div>\n\t\t<div class=\"elementor-element elementor-element-df4b3d8 e-flex e-con-boxed e-con e-parent\" data-id=\"df4b3d8\" data-element_type=\"container\" data-e-type=\"container\">\n\t\t\t\t\t<div class=\"e-con-inner\">\n\t\t\t\t<div class=\"elementor-element elementor-element-b346084 elementor-widget elementor-widget-text-editor\" data-id=\"b346084\" data-element_type=\"widget\" data-e-type=\"widget\" data-widget_type=\"text-editor.default\">\n\t\t\t\t\t\t\t\t\t<p><span style=\"font-weight: 400;\">Si ya has venido a nuestros retiros en Casa Cuadrau, conoces nuestros valores y filosof\u00eda de vida. Si a\u00fan no has venido, te invitamos a confiar y sumergirte en esta nueva forma de nutrir tu pr\u00e1ctica<\/span><span style=\"font-weight: 400;\">.\u00a0<\/span><\/p>\n\t\t\t\t\t\t\t\t<\/div>\n\t\t\t\t<div class=\"elementor-element elementor-element-2e2ce33 elementor-widget elementor-widget-heading\" data-id=\"2e2ce33\" data-element_type=\"widget\" data-e-type=\"widget\" data-widget_type=\"heading.default\">\n\t\t\t\t\t<h2 class=\"elementor-heading-title elementor-size-default\">Tu apoyo en esta aventura online<\/h2>\t\t\t\t<\/div>\n\t\t\t\t<div class=\"elementor-element elementor-element-855e53c elementor-widget elementor-widget-text-editor\" data-id=\"855e53c\" data-element_type=\"widget\" data-e-type=\"widget\" data-widget_type=\"text-editor.default\">\n\t\t\t\t\t\t\t\t\t<p>Con la compra de cualquiera de estos 2 BONOS\u00a0tendr\u00e1s una pr\u00e1ctica integral muy completa de yoga y meditaci\u00f3n. Adem\u00e1s estas apoyando a Casa Cuadrau \ud83d\ude09<\/p>\n\t\t\t\t\t\t\t\t<\/div>\n\t\t\t\t\t<\/div>\n\t\t\t\t<\/div>\n\t\t\t\t<\/div>\n\t\t","protected":false},"excerpt":{"rendered":"<p>Sesiones online de Casa Cuadrau Las sesiones online de Casa Cuadrau est\u00e1n dise\u00f1adas para que tu pr\u00e1ctica de yoga y meditaci\u00f3n sea m\u00e1s regular. As\u00ed puedes desarrollar o profundizar tu Sadhana (pr\u00e1ctica espiritual diaria) desde casa o donde quiera que est\u00e9s. Te ayudaremos a mantener una disciplina y motivaci\u00f3n para cultivar en tu vida bienestar [&hellip;]<\/p>\n","protected":false},"author":1,"featured_media":15286,"parent":0,"menu_order":21,"comment_status":"closed","ping_status":"closed","template":"elementor_header_footer","meta":{"_acf_changed":false,"wprm-recipe-roundup-name":"","wprm-recipe-roundup-description":"","footnotes":""},"class_list":["post-14370","page","type-page","status-publish","has-post-thumbnail","hentry"],"acf":[],"yoast_head":"<!-- This site is optimized with the Yoast SEO plugin v27.4 - https:\/\/yoast.com\/product\/yoast-seo-wordpress\/ -->\n<title>Online Sessions - Casa Cuadrau<\/title>\n<meta name=\"description\" content=\"Las sesiones online de Casa Cuadrau est\u00e1n dise\u00f1adas para que tu pr\u00e1ctica de yoga y meditaci\u00f3n sea m\u00e1s regular.\" \/>\n<meta name=\"robots\" content=\"index, follow, max-snippet:-1, max-image-preview:large, max-video-preview:-1\" \/>\n<link rel=\"canonical\" href=\"https:\/\/www.casacuadrau.org\/en\/our-online-sessions\/\" \/>\n<meta property=\"og:locale\" content=\"en_US\" \/>\n<meta property=\"og:type\" content=\"article\" \/>\n<meta property=\"og:title\" content=\"Online Sessions - Casa Cuadrau\" \/>\n<meta property=\"og:description\" content=\"Las sesiones online de Casa Cuadrau est\u00e1n dise\u00f1adas para que tu pr\u00e1ctica de yoga y meditaci\u00f3n sea m\u00e1s regular.\" \/>\n<meta property=\"og:url\" content=\"https:\/\/www.casacuadrau.org\/en\/our-online-sessions\/\" \/>\n<meta property=\"og:site_name\" content=\"Casa Cuadrau\" \/>\n<meta property=\"article:publisher\" content=\"https:\/\/www.facebook.com\/CasaCuadrauYogaArtNatureSpanishPyrenees\/\" \/>\n<meta property=\"article:modified_time\" content=\"2023-06-14T07:34:53+00:00\" \/>\n<meta property=\"og:image\" content=\"https:\/\/www.casacuadrau.org\/wp-content\/uploads\/2021\/03\/sesiones-online-casa-cuadrau-yoga-meditacion-movimiento-animal-flow.jpg\" \/>\n\t<meta property=\"og:image:width\" content=\"900\" \/>\n\t<meta property=\"og:image:height\" content=\"900\" \/>\n\t<meta property=\"og:image:type\" content=\"image\/jpeg\" \/>\n<meta name=\"twitter:card\" content=\"summary_large_image\" \/>\n<meta name=\"twitter:label1\" content=\"Est. reading time\" \/>\n\t<meta name=\"twitter:data1\" content=\"2 minutes\" \/>\n<script type=\"application\/ld+json\" class=\"yoast-schema-graph\">{\"@context\":\"https:\\\/\\\/schema.org\",\"@graph\":[{\"@type\":\"WebPage\",\"@id\":\"https:\\\/\\\/www.casacuadrau.org\\\/en\\\/our-online-sessions\\\/\",\"url\":\"https:\\\/\\\/www.casacuadrau.org\\\/en\\\/our-online-sessions\\\/\",\"name\":\"Online Sessions - Casa Cuadrau\",\"isPartOf\":{\"@id\":\"https:\\\/\\\/www.casacuadrau.org\\\/#website\"},\"primaryImageOfPage\":{\"@id\":\"https:\\\/\\\/www.casacuadrau.org\\\/en\\\/our-online-sessions\\\/#primaryimage\"},\"image\":{\"@id\":\"https:\\\/\\\/www.casacuadrau.org\\\/en\\\/our-online-sessions\\\/#primaryimage\"},\"thumbnailUrl\":\"https:\\\/\\\/www.casacuadrau.org\\\/wp-content\\\/uploads\\\/2021\\\/03\\\/sesiones-online-casa-cuadrau-yoga-meditacion-movimiento-animal-flow.jpg\",\"datePublished\":\"2021-01-03T10:04:24+00:00\",\"dateModified\":\"2023-06-14T07:34:53+00:00\",\"description\":\"Las sesiones online de Casa Cuadrau est\u00e1n dise\u00f1adas para que tu pr\u00e1ctica de yoga y meditaci\u00f3n sea m\u00e1s regular.\",\"breadcrumb\":{\"@id\":\"https:\\\/\\\/www.casacuadrau.org\\\/en\\\/our-online-sessions\\\/#breadcrumb\"},\"inLanguage\":\"en-US\",\"potentialAction\":[{\"@type\":\"ReadAction\",\"target\":[\"https:\\\/\\\/www.casacuadrau.org\\\/en\\\/our-online-sessions\\\/\"]}]},{\"@type\":\"ImageObject\",\"inLanguage\":\"en-US\",\"@id\":\"https:\\\/\\\/www.casacuadrau.org\\\/en\\\/our-online-sessions\\\/#primaryimage\",\"url\":\"https:\\\/\\\/www.casacuadrau.org\\\/wp-content\\\/uploads\\\/2021\\\/03\\\/sesiones-online-casa-cuadrau-yoga-meditacion-movimiento-animal-flow.jpg\",\"contentUrl\":\"https:\\\/\\\/www.casacuadrau.org\\\/wp-content\\\/uploads\\\/2021\\\/03\\\/sesiones-online-casa-cuadrau-yoga-meditacion-movimiento-animal-flow.jpg\",\"width\":900,\"height\":900},{\"@type\":\"BreadcrumbList\",\"@id\":\"https:\\\/\\\/www.casacuadrau.org\\\/en\\\/our-online-sessions\\\/#breadcrumb\",\"itemListElement\":[{\"@type\":\"ListItem\",\"position\":1,\"name\":\"Home\",\"item\":\"https:\\\/\\\/www.casacuadrau.org\\\/en\\\/home-2\\\/\"},{\"@type\":\"ListItem\",\"position\":2,\"name\":\"Online Sessions\"}]},{\"@type\":\"WebSite\",\"@id\":\"https:\\\/\\\/www.casacuadrau.org\\\/#website\",\"url\":\"https:\\\/\\\/www.casacuadrau.org\\\/\",\"name\":\"Casa Cuadrau\",\"description\":\"Retiros de Yoga, Arte y Naturaleza\",\"publisher\":{\"@id\":\"https:\\\/\\\/www.casacuadrau.org\\\/#organization\"},\"potentialAction\":[{\"@type\":\"SearchAction\",\"target\":{\"@type\":\"EntryPoint\",\"urlTemplate\":\"https:\\\/\\\/www.casacuadrau.org\\\/?s={search_term_string}\"},\"query-input\":{\"@type\":\"PropertyValueSpecification\",\"valueRequired\":true,\"valueName\":\"search_term_string\"}}],\"inLanguage\":\"en-US\"},{\"@type\":\"Organization\",\"@id\":\"https:\\\/\\\/www.casacuadrau.org\\\/#organization\",\"name\":\"Casa Cuadrau\",\"url\":\"https:\\\/\\\/www.casacuadrau.org\\\/\",\"logo\":{\"@type\":\"ImageObject\",\"inLanguage\":\"en-US\",\"@id\":\"https:\\\/\\\/www.casacuadrau.org\\\/#\\\/schema\\\/logo\\\/image\\\/\",\"url\":\"https:\\\/\\\/www.casacuadrau.org\\\/wp-content\\\/uploads\\\/2019\\\/11\\\/casa-cuadrau-logo@2x.png\",\"contentUrl\":\"https:\\\/\\\/www.casacuadrau.org\\\/wp-content\\\/uploads\\\/2019\\\/11\\\/casa-cuadrau-logo@2x.png\",\"width\":602,\"height\":200,\"caption\":\"Casa Cuadrau\"},\"image\":{\"@id\":\"https:\\\/\\\/www.casacuadrau.org\\\/#\\\/schema\\\/logo\\\/image\\\/\"},\"sameAs\":[\"https:\\\/\\\/www.facebook.com\\\/CasaCuadrauYogaArtNatureSpanishPyrenees\\\/\",\"https:\\\/\\\/www.instagram.com\\\/casacuadrau.retreats\\\/\",\"https:\\\/\\\/www.youtube.com\\\/channel\\\/UCtAG9f6RfBgmvQqB0CMMb0w\"]}]}<\/script>\n<!-- \/ Yoast SEO plugin. -->","yoast_head_json":{"title":"Online Sessions - Casa Cuadrau","description":"Las sesiones online de Casa Cuadrau est\u00e1n dise\u00f1adas para que tu pr\u00e1ctica de yoga y meditaci\u00f3n sea m\u00e1s regular.","robots":{"index":"index","follow":"follow","max-snippet":"max-snippet:-1","max-image-preview":"max-image-preview:large","max-video-preview":"max-video-preview:-1"},"canonical":"https:\/\/www.casacuadrau.org\/en\/our-online-sessions\/","og_locale":"en_US","og_type":"article","og_title":"Online Sessions - Casa Cuadrau","og_description":"Las sesiones online de Casa Cuadrau est\u00e1n dise\u00f1adas para que tu pr\u00e1ctica de yoga y meditaci\u00f3n sea m\u00e1s regular.","og_url":"https:\/\/www.casacuadrau.org\/en\/our-online-sessions\/","og_site_name":"Casa Cuadrau","article_publisher":"https:\/\/www.facebook.com\/CasaCuadrauYogaArtNatureSpanishPyrenees\/","article_modified_time":"2023-06-14T07:34:53+00:00","og_image":[{"width":900,"height":900,"url":"https:\/\/www.casacuadrau.org\/wp-content\/uploads\/2021\/03\/sesiones-online-casa-cuadrau-yoga-meditacion-movimiento-animal-flow.jpg","type":"image\/jpeg"}],"twitter_card":"summary_large_image","twitter_misc":{"Est. reading time":"2 minutes"},"schema":{"@context":"https:\/\/schema.org","@graph":[{"@type":"WebPage","@id":"https:\/\/www.casacuadrau.org\/en\/our-online-sessions\/","url":"https:\/\/www.casacuadrau.org\/en\/our-online-sessions\/","name":"Online Sessions - Casa Cuadrau","isPartOf":{"@id":"https:\/\/www.casacuadrau.org\/#website"},"primaryImageOfPage":{"@id":"https:\/\/www.casacuadrau.org\/en\/our-online-sessions\/#primaryimage"},"image":{"@id":"https:\/\/www.casacuadrau.org\/en\/our-online-sessions\/#primaryimage"},"thumbnailUrl":"https:\/\/www.casacuadrau.org\/wp-content\/uploads\/2021\/03\/sesiones-online-casa-cuadrau-yoga-meditacion-movimiento-animal-flow.jpg","datePublished":"2021-01-03T10:04:24+00:00","dateModified":"2023-06-14T07:34:53+00:00","description":"Las sesiones online de Casa Cuadrau est\u00e1n dise\u00f1adas para que tu pr\u00e1ctica de yoga y meditaci\u00f3n sea m\u00e1s regular.","breadcrumb":{"@id":"https:\/\/www.casacuadrau.org\/en\/our-online-sessions\/#breadcrumb"},"inLanguage":"en-US","potentialAction":[{"@type":"ReadAction","target":["https:\/\/www.casacuadrau.org\/en\/our-online-sessions\/"]}]},{"@type":"ImageObject","inLanguage":"en-US","@id":"https:\/\/www.casacuadrau.org\/en\/our-online-sessions\/#primaryimage","url":"https:\/\/www.casacuadrau.org\/wp-content\/uploads\/2021\/03\/sesiones-online-casa-cuadrau-yoga-meditacion-movimiento-animal-flow.jpg","contentUrl":"https:\/\/www.casacuadrau.org\/wp-content\/uploads\/2021\/03\/sesiones-online-casa-cuadrau-yoga-meditacion-movimiento-animal-flow.jpg","width":900,"height":900},{"@type":"BreadcrumbList","@id":"https:\/\/www.casacuadrau.org\/en\/our-online-sessions\/#breadcrumb","itemListElement":[{"@type":"ListItem","position":1,"name":"Home","item":"https:\/\/www.casacuadrau.org\/en\/home-2\/"},{"@type":"ListItem","position":2,"name":"Online Sessions"}]},{"@type":"WebSite","@id":"https:\/\/www.casacuadrau.org\/#website","url":"https:\/\/www.casacuadrau.org\/","name":"Casa Cuadrau","description":"Retiros de Yoga, Arte y Naturaleza","publisher":{"@id":"https:\/\/www.casacuadrau.org\/#organization"},"potentialAction":[{"@type":"SearchAction","target":{"@type":"EntryPoint","urlTemplate":"https:\/\/www.casacuadrau.org\/?s={search_term_string}"},"query-input":{"@type":"PropertyValueSpecification","valueRequired":true,"valueName":"search_term_string"}}],"inLanguage":"en-US"},{"@type":"Organization","@id":"https:\/\/www.casacuadrau.org\/#organization","name":"Casa Cuadrau","url":"https:\/\/www.casacuadrau.org\/","logo":{"@type":"ImageObject","inLanguage":"en-US","@id":"https:\/\/www.casacuadrau.org\/#\/schema\/logo\/image\/","url":"https:\/\/www.casacuadrau.org\/wp-content\/uploads\/2019\/11\/casa-cuadrau-logo@2x.png","contentUrl":"https:\/\/www.casacuadrau.org\/wp-content\/uploads\/2019\/11\/casa-cuadrau-logo@2x.png","width":602,"height":200,"caption":"Casa Cuadrau"},"image":{"@id":"https:\/\/www.casacuadrau.org\/#\/schema\/logo\/image\/"},"sameAs":["https:\/\/www.facebook.com\/CasaCuadrauYogaArtNatureSpanishPyrenees\/","https:\/\/www.instagram.com\/casacuadrau.retreats\/","https:\/\/www.youtube.com\/channel\/UCtAG9f6RfBgmvQqB0CMMb0w"]}]}},"_links":{"self":[{"href":"https:\/\/www.casacuadrau.org\/en\/wp-json\/wp\/v2\/pages\/14370","targetHints":{"allow":["GET"]}}],"collection":[{"href":"https:\/\/www.casacuadrau.org\/en\/wp-json\/wp\/v2\/pages"}],"about":[{"href":"https:\/\/www.casacuadrau.org\/en\/wp-json\/wp\/v2\/types\/page"}],"author":[{"embeddable":true,"href":"https:\/\/www.casacuadrau.org\/en\/wp-json\/wp\/v2\/users\/1"}],"replies":[{"embeddable":true,"href":"https:\/\/www.casacuadrau.org\/en\/wp-json\/wp\/v2\/comments?post=14370"}],"version-history":[{"count":1,"href":"https:\/\/www.casacuadrau.org\/en\/wp-json\/wp\/v2\/pages\/14370\/revisions"}],"predecessor-version":[{"id":25031,"href":"https:\/\/www.casacuadrau.org\/en\/wp-json\/wp\/v2\/pages\/14370\/revisions\/25031"}],"wp:featuredmedia":[{"embeddable":true,"href":"https:\/\/www.casacuadrau.org\/en\/wp-json\/wp\/v2\/media\/15286"}],"wp:attachment":[{"href":"https:\/\/www.casacuadrau.org\/en\/wp-json\/wp\/v2\/media?parent=14370"}],"curies":[{"name":"wp","href":"https:\/\/api.w.org\/{rel}","templated":true}]}}